{"id":2047,"date":"2024-09-04T19:33:09","date_gmt":"2024-09-04T19:33:09","guid":{"rendered":"https:\/\/www.losangelesprobateattorneys.com\/?page_id=2047"},"modified":"2025-10-07T20:52:07","modified_gmt":"2025-10-07T20:52:07","slug":"aviso-legal","status":"publish","type":"page","link":"https:\/\/www.losangelesprobateattorneys.com\/es\/aviso-legal\/","title":{"rendered":"Aviso legal"},"content":{"rendered":"<p><div class=\"fusion-fullwidth fullwidth-box fusion-builder-row-1 fusion-flex-container has-pattern-background has-mask-background fusion-parallax-none nonhundred-percent-fullwidth non-hundred-percent-height-scrolling\" style=\"--awb-border-radius-top-left:0px;--awb-border-radius-top-right:0px;--awb-border-radius-bottom-right:0px;--awb-border-radius-bottom-left:0px;--awb-min-height:37.5vh;--awb-min-height-medium:15vh;--awb-min-height-small:15vh;--awb-background-image:url(&quot;https:\/\/www.losangelesprobateattorneys.com\/wp-content\/uploads\/2024\/09\/learn-more-about-los-angeles-probate-attorneys.jpg&quot;);--awb-background-size:cover;--awb-flex-wrap:wrap;\" ><div class=\"fusion-builder-row fusion-row fusion-flex-align-items-center fusion-flex-align-content-center fusion-flex-justify-content-center fusion-flex-content-wrap\" style=\"max-width:1996.8px;margin-left: calc(-4% \/ 2 );margin-right: calc(-4% \/ 2 );\"><div class=\"fusion-layout-column fusion_builder_column fusion-builder-column-0 fusion_builder_column_1_1 1_1 fusion-flex-column fusion-flex-align-self-center\" style=\"--awb-bg-size:cover;--awb-width-large:100%;--awb-margin-top-large:0px;--awb-spacing-right-large:1.92%;--awb-margin-bottom-large:20px;--awb-spacing-left-large:1.92%;--awb-width-medium:100%;--awb-order-medium:0;--awb-spacing-right-medium:1.92%;--awb-spacing-left-medium:1.92%;--awb-width-small:100%;--awb-order-small:0;--awb-margin-top-small:0px;--awb-spacing-right-small:1.92%;--awb-margin-bottom-small:0px;--awb-spacing-left-small:1.92%;\" data-scroll-devices=\"small-visibility,medium-visibility,large-visibility\"><div class=\"fusion-column-wrapper fusion-column-has-shadow fusion-flex-justify-content-center fusion-content-layout-column\"><div class=\"fusion-title title fusion-title-1 fusion-sep-none fusion-title-center fusion-title-text fusion-title-size-one\" style=\"--awb-text-color:var(--awb-color1);--awb-margin-right:10vw;--awb-margin-left:10vw;--awb-margin-right-medium:0px;--awb-margin-left-medium:0px;--awb-font-size:3.45vw;\"><h1 class=\"fusion-title-heading title-heading-center\" style=\"font-family:var(--awb-typography1-font-family);font-weight:var(--awb-typography1-font-weight);font-style:var(--awb-typography1-font-style);margin:0;letter-spacing:var(--awb-typography1-letter-spacing);text-transform:var(--awb-typography1-text-transform);font-size:1em;line-height:4.35vw;\">Aviso legal<\/h1><\/div><\/div><\/div><\/div><\/div>\n<div class=\"fusion-fullwidth fullwidth-box fusion-builder-row-2 fusion-flex-container has-pattern-background has-mask-background nonhundred-percent-fullwidth non-hundred-percent-height-scrolling content\" style=\"--awb-border-radius-top-left:0px;--awb-border-radius-top-right:0px;--awb-border-radius-bottom-right:0px;--awb-border-radius-bottom-left:0px;--awb-padding-top:80px;--awb-padding-bottom:80px;--awb-flex-wrap:wrap;\" ><div class=\"fusion-builder-row fusion-row fusion-flex-align-items-flex-start fusion-flex-content-wrap\" style=\"max-width:1996.8px;margin-left: calc(-4% \/ 2 );margin-right: calc(-4% \/ 2 );\"><div class=\"fusion-layout-column fusion_builder_column fusion-builder-column-1 fusion_builder_column_1_1 1_1 fusion-flex-column\" style=\"--awb-bg-size:cover;--awb-width-large:100%;--awb-margin-top-large:0px;--awb-spacing-right-large:1.92%;--awb-margin-bottom-large:0px;--awb-spacing-left-large:1.92%;--awb-width-medium:100%;--awb-order-medium:0;--awb-spacing-right-medium:1.92%;--awb-spacing-left-medium:1.92%;--awb-width-small:100%;--awb-order-small:0;--awb-spacing-right-small:1.92%;--awb-spacing-left-small:1.92%;\" data-scroll-devices=\"small-visibility,medium-visibility,large-visibility\"><div class=\"fusion-column-wrapper fusion-column-has-shadow fusion-flex-justify-content-flex-start fusion-content-layout-column\"><div class=\"fusion-text fusion-text-1\"><p><a href=\"https:\/\/www.LosAngelesProbateAttorneys.com\/\" target=\"_blank\" rel=\"noopener\"><b>LosAngelesProbateAttorneys.com<\/b><\/a> respeta sus derechos.<\/p>\n<h2>El uso de este sitio web no crea una relaci\u00f3n abogado-cliente<\/h2>\n<p>El uso de este sitio web o la recepci\u00f3n de informaci\u00f3n publicada en este sitio web NO crea una relaci\u00f3n abogado-cliente entre usted y Los Angeles Probate Attorneys. Contactar con Los Angeles Probate Attorneys o con uno de sus abogados a trav\u00e9s de los formularios de contacto en l\u00ednea de este sitio o de cualquier n\u00famero de tel\u00e9fono que aparezca en este sitio web, tampoco crea una relaci\u00f3n abogado-cliente con Los Angeles Probate Attorneys; por consiguiente, no debe utilizar este sitio web para proporcionar informaci\u00f3n confidencial sobre asuntos legales a Los Angeles Probate Attorneys.<\/p>\n<h2>Sitio web no destinado a dar asesoramiento legal<\/h2>\n<p>Este sitio web puede contener informaci\u00f3n sobre cuestiones legales o desarrollo. La informaci\u00f3n publicada en nuestro sitio web no es, ni pretende ser, asesoramiento jur\u00eddico. Siempre debe consultar directamente con un abogado para que le asesore sobre su caso y situaci\u00f3n individual. Ninguna persona debe actuar o confiar en la informaci\u00f3n publicada en este sitio web sin buscar el consejo de un abogado.<\/p>\n<h2>Los testimonios y veredictos anteriores publicados en este sitio no deben interpretarse como una garant\u00eda de resultados<\/h2>\n<p>Los testimonios publicados en este sitio web de antiguos clientes de Los Angeles Probate Attorneys no constituyen una garant\u00eda, aval o predicci\u00f3n con respecto al resultado de su caso o asunto legal. El resultado de cualquier caso legal depende de muchos factores diferentes, incluyendo los hechos del caso espec\u00edfico y ning\u00fan abogado puede ofrecer un resultado positivo garantizado en cualquier caso particular. Cualquier resultado anterior logrado por un abogado no puede garantizar un resultado similar.<\/p>\n<h2>Este sitio web es un anuncio de servicios legales<\/h2>\n<p>Este sitio web puede considerarse publicidad en algunas jurisdicciones seg\u00fan la ley aplicable y las normas \u00e9ticas de conducta. La determinaci\u00f3n de la necesidad de servicios legales y la elecci\u00f3n de un abogado para la representaci\u00f3n son decisiones extremadamente importantes y no deben basarse \u00fanicamente en anuncios o experiencia autoproclamada. No se hace ninguna representaci\u00f3n de que la calidad de los servicios legales que se realizar\u00e1n es mayor que la calidad de los servicios legales prestados por otros abogados.<\/p>\n<p><em>\u00daltima actualizaci\u00f3n: 06\/06\/2025<\/em><\/p>\n<h2>Preguntas sobre este aviso legal o el contenido de este sitio web<\/h2>\n<p>Si tiene alguna pregunta sobre los <a href=\"https:\/\/www.losangelesprobateattorneys.com\/es\/aviso-legal\/\">Avisos legales<\/a>, la <a href=\"https:\/\/www.losangelesprobateattorneys.com\/es\/politica-de-privacidad\/\">Pol\u00edtica de privacidad<\/a>, los <a href=\"https:\/\/www.losangelesprobateattorneys.com\/es\/terminos-de-uso\/\">T\u00e9rminos y condiciones<\/a> u otro contenido publicado en este sitio web, p\u00f3ngase en contacto con Los Angeles Probate Attorneys.<\/p>\n<p><strong>Oficina de Los Angeles<\/strong><br \/>\n445 S Figueroa St Suite 3100,<br \/>\nLos Angeles CA, 90071<br \/>\nLl\u00e1menos al <a href=\"tel:+1-424-402-1228\">(424) 402-1228<\/a><\/p>\n<\/div><\/div><\/div><\/div><\/div><\/p>\n","protected":false},"excerpt":{"rendered":"","protected":false},"author":10,"featured_media":0,"parent":0,"menu_order":0,"comment_status":"closed","ping_status":"open","template":"100-width.php","meta":{"_analytify_skip_tracking":false,"footnotes":""},"class_list":["post-2047","page","type-page","status-publish","hentry"],"_links":{"self":[{"href":"https:\/\/www.losangelesprobateattorneys.com\/es\/wp-json\/wp\/v2\/pages\/2047","targetHints":{"allow":["GET"]}}],"collection":[{"href":"https:\/\/www.losangelesprobateattorneys.com\/es\/wp-json\/wp\/v2\/pages"}],"about":[{"href":"https:\/\/www.losangelesprobateattorneys.com\/es\/wp-json\/wp\/v2\/types\/page"}],"author":[{"embeddable":true,"href":"https:\/\/www.losangelesprobateattorneys.com\/es\/wp-json\/wp\/v2\/users\/10"}],"replies":[{"embeddable":true,"href":"https:\/\/www.losangelesprobateattorneys.com\/es\/wp-json\/wp\/v2\/comments?post=2047"}],"version-history":[{"count":6,"href":"https:\/\/www.losangelesprobateattorneys.com\/es\/wp-json\/wp\/v2\/pages\/2047\/revisions"}],"predecessor-version":[{"id":6312,"href":"https:\/\/www.losangelesprobateattorneys.com\/es\/wp-json\/wp\/v2\/pages\/2047\/revisions\/6312"}],"wp:attachment":[{"href":"https:\/\/www.losangelesprobateattorneys.com\/es\/wp-json\/wp\/v2\/media?parent=2047"}],"curies":[{"name":"wp","href":"https:\/\/api.w.org\/{rel}","templated":true}]}}