{"id":2053,"date":"2024-07-05T07:33:19","date_gmt":"2024-07-05T07:33:19","guid":{"rendered":"https:\/\/www.losangelesprobateattorneys.com\/?page_id=2053"},"modified":"2025-10-07T01:15:49","modified_gmt":"2025-10-07T01:15:49","slug":"politica-de-privacidad","status":"publish","type":"page","link":"https:\/\/www.losangelesprobateattorneys.com\/es\/politica-de-privacidad\/","title":{"rendered":"Pol\u00edtica de privacidad"},"content":{"rendered":"<p><div class=\"fusion-fullwidth fullwidth-box fusion-builder-row-1 fusion-flex-container has-pattern-background has-mask-background fusion-parallax-none nonhundred-percent-fullwidth non-hundred-percent-height-scrolling\" style=\"--awb-border-radius-top-left:0px;--awb-border-radius-top-right:0px;--awb-border-radius-bottom-right:0px;--awb-border-radius-bottom-left:0px;--awb-min-height:37.5vh;--awb-min-height-medium:15vh;--awb-min-height-small:15vh;--awb-background-image:url(&quot;https:\/\/www.losangelesprobateattorneys.com\/wp-content\/uploads\/2024\/09\/learn-more-about-los-angeles-probate-attorneys.jpg&quot;);--awb-background-size:cover;--awb-flex-wrap:wrap;\" ><div class=\"fusion-builder-row fusion-row fusion-flex-align-items-center fusion-flex-align-content-center fusion-flex-justify-content-center fusion-flex-content-wrap\" style=\"max-width:1996.8px;margin-left: calc(-4% \/ 2 );margin-right: calc(-4% \/ 2 );\"><div class=\"fusion-layout-column fusion_builder_column fusion-builder-column-0 fusion_builder_column_1_1 1_1 fusion-flex-column fusion-flex-align-self-center\" style=\"--awb-bg-size:cover;--awb-width-large:100%;--awb-margin-top-large:0px;--awb-spacing-right-large:1.92%;--awb-margin-bottom-large:20px;--awb-spacing-left-large:1.92%;--awb-width-medium:100%;--awb-order-medium:0;--awb-spacing-right-medium:1.92%;--awb-spacing-left-medium:1.92%;--awb-width-small:100%;--awb-order-small:0;--awb-margin-top-small:0px;--awb-spacing-right-small:1.92%;--awb-margin-bottom-small:0px;--awb-spacing-left-small:1.92%;\" data-scroll-devices=\"small-visibility,medium-visibility,large-visibility\"><div class=\"fusion-column-wrapper fusion-column-has-shadow fusion-flex-justify-content-center fusion-content-layout-column\"><div class=\"fusion-title title fusion-title-1 fusion-sep-none fusion-title-center fusion-title-text fusion-title-size-one\" style=\"--awb-text-color:var(--awb-color1);--awb-margin-right:10vw;--awb-margin-left:10vw;--awb-margin-right-medium:0px;--awb-margin-left-medium:0px;--awb-font-size:3.45vw;\"><h1 class=\"fusion-title-heading title-heading-center\" style=\"font-family:var(--awb-typography1-font-family);font-weight:var(--awb-typography1-font-weight);font-style:var(--awb-typography1-font-style);margin:0;letter-spacing:var(--awb-typography1-letter-spacing);text-transform:var(--awb-typography1-text-transform);font-size:1em;line-height:4.35vw;\">Pol\u00edtica de privacidad<\/h1><\/div><\/div><\/div><\/div><\/div>\n<div class=\"fusion-fullwidth fullwidth-box fusion-builder-row-2 fusion-flex-container has-pattern-background has-mask-background nonhundred-percent-fullwidth non-hundred-percent-height-scrolling content\" style=\"--awb-border-radius-top-left:0px;--awb-border-radius-top-right:0px;--awb-border-radius-bottom-right:0px;--awb-border-radius-bottom-left:0px;--awb-padding-top:60px;--awb-padding-bottom:60px;--awb-flex-wrap:wrap;\" ><div class=\"fusion-builder-row fusion-row fusion-flex-align-items-flex-start fusion-flex-content-wrap\" style=\"max-width:1996.8px;margin-left: calc(-4% \/ 2 );margin-right: calc(-4% \/ 2 );\"><div class=\"fusion-layout-column fusion_builder_column fusion-builder-column-1 fusion_builder_column_1_1 1_1 fusion-flex-column\" style=\"--awb-bg-size:cover;--awb-width-large:100%;--awb-margin-top-large:0px;--awb-spacing-right-large:1.92%;--awb-margin-bottom-large:0px;--awb-spacing-left-large:1.92%;--awb-width-medium:100%;--awb-order-medium:0;--awb-spacing-right-medium:1.92%;--awb-spacing-left-medium:1.92%;--awb-width-small:100%;--awb-order-small:0;--awb-spacing-right-small:1.92%;--awb-spacing-left-small:1.92%;\" data-scroll-devices=\"small-visibility,medium-visibility,large-visibility\"><div class=\"fusion-column-wrapper fusion-column-has-shadow fusion-flex-justify-content-flex-start fusion-content-layout-column\"><div class=\"fusion-text fusion-text-1\"><p>Esta Pol\u00edtica de Privacidad describe <a contenteditable=\"false\" href=\"https:\/\/www.losangelesprobateattorneys.com\/es\/\" target=\"_blank\" rel=\"noopener\"><br \/>\n  <b>LosAngelesProbateAttorneys.com<\/b><br \/>\n<\/a> las pol\u00edticas y procedimientos sobre la recopilaci\u00f3n, uso y divulgaci\u00f3n de su informaci\u00f3n cuando utiliza nuestro servicio y le informa sobre sus derechos de privacidad y c\u00f3mo le protege la ley.<\/p>\n<p>Utilizamos sus datos personales para proporcionar y mejorar el Servicio. Al utilizar el Servicio, usted acepta la recopilaci\u00f3n y el uso de la informaci\u00f3n de acuerdo con esta Pol\u00edtica de Privacidad.<\/p>\n<\/div><div class=\"fusion-text fusion-text-2\"><p><a contenteditable=\"false\" href=\"https:\/\/www.losangelesprobateattorneys.com\/es\/\" target=\"_blank\" rel=\"noopener\"><br \/>\n  <b>LosAngelesProbateAttorneys.com<\/b><br \/>\n<\/a> se compromete a salvaguardar la privacidad de nuestros usuarios. Queremos asegurarle que no compartimos su informaci\u00f3n personal con terceros. Esta pol\u00edtica de privacidad describe c\u00f3mo recopilamos, utilizamos y protegemos la informaci\u00f3n que usted nos proporciona.  <\/p>\n<h2>RECOGIDA DE INFORMACI\u00d3N:<\/h2>\n<p>S\u00f3lo recogemos la informaci\u00f3n necesaria para proporcionar y mejorar nuestros servicios. Esto puede incluir su nombre, direcci\u00f3n de correo electr\u00f3nico y n\u00famero de tel\u00e9fono. No vendemos, alquilamos ni compartimos esta informaci\u00f3n con terceros.  <\/p>\n<h2>C\u00d3MO UTILIZAMOS SU INFORMACI\u00d3N:<\/h2>\n<p>La informaci\u00f3n recopilada se utiliza \u00fanicamente para comunicarnos con usted como destinatario. No compartimos ni vendemos su informaci\u00f3n personal con terceros para fines de marketing o de cualquier otro tipo. Adem\u00e1s, no se compartir\u00e1 ninguna informaci\u00f3n de consentimiento m\u00f3vil o de mensajer\u00eda con terceros\/afiliados con fines de marketing\/promocionales. Todas las categor\u00edas anteriores excluyen los datos y el consentimiento del remitente de los mensajes de texto; esta informaci\u00f3n no se compartir\u00e1 con terceros.   <\/p>\n<p>Podemos utilizar los datos personales para los siguientes fines:<\/p>\n<ul>\n<li><strong>Para proporcionar y mantener<\/strong> nuestro servicio, incluido el seguimiento del uso de nuestro servicio.<\/li>\n<li><strong>Para gestionar su Cuenta<\/strong>: para gestionar su registro como usuario del Servicio. Los Datos Personales que proporcione pueden darle acceso a diferentes funcionalidades del Servicio que est\u00e1n disponibles para usted como usuario registrado. <\/li>\n<li><strong>Para la ejecuci\u00f3n de un contrato<\/strong>: el desarrollo, cumplimiento y realizaci\u00f3n del contrato de compra de los productos, art\u00edculos o servicios que haya adquirido o de cualquier otro contrato con nosotros a trav\u00e9s del Servicio.<\/li>\n<li><strong>Para ponernos en contacto con usted<\/strong>: Para ponernos en contacto con usted por correo electr\u00f3nico, llamadas telef\u00f3nicas, SMS u otras formas equivalentes de comunicaci\u00f3n electr\u00f3nica, como las notificaciones push de una aplicaci\u00f3n m\u00f3vil sobre actualizaciones o comunicaciones informativas relacionadas con las funcionalidades, productos o servicios contratados, incluidas las actualizaciones de seguridad, cuando sea necesario o razonable para su implementaci\u00f3n.<\/li>\n<li><strong>Para proporcionarle<\/strong> noticias, ofertas especiales e informaci\u00f3n general sobre otros bienes, servicios y eventos que ofrezcamos y que sean similares a los que ya ha comprado o sobre los que ha preguntado, a menos que haya optado por no recibir dicha informaci\u00f3n.<\/li>\n<li>Para <strong>gestionar sus solicitudes<\/strong>: Para atender y gestionar las solicitudes que nos haga.<\/li>\n<\/ul>\n<p>Todos los mensajes que env\u00ede a trav\u00e9s del Servicio, ya sea a nosotros o a otros usuarios, se almacenan en nuestros servidores. <a contenteditable=\"false\" href=\"https:\/\/www.losangelesprobateattorneys.com\/es\/\" target=\"_blank\" rel=\"noopener\"><br \/>\n  <b>LosAngelesProbateAttorneys.com<\/b><br \/>\n<\/a> emplea servidores y servicios propiedad de terceros para conservar estos mensajes.<\/p>\n<h2>DIVULGACI\u00d3N DE SMS<\/h2>\n<p>Al comunicarse con nosotros por SMS, usted acepta recibir mensajes recurrentes de <a contenteditable=\"false\" href=\"https:\/\/www.losangelesprobateattorneys.com\/es\/\" target=\"_blank\" rel=\"noopener\"><br \/>\n  <b>LosAngelesProbateAttorneys.com<\/b><br \/>\n<\/a> . Pueden aplicarse tarifas de mensajes y datos. La frecuencia de los mensajes depende de sus interacciones y preferencias.  <\/p>\n<p>Puede responder <strong>STOP<\/strong> para excluirse de futuros mensajes o <strong>AYUDA<\/strong> para obtener m\u00e1s informaci\u00f3n.<\/p>\n<p>No se compartir\u00e1 ninguna informaci\u00f3n de consentimiento m\u00f3vil o de mensajer\u00eda con terceros\/afiliados con fines de marketing\/promocionales. Todas las categor\u00edas anteriores excluyen los datos y el consentimiento del emisor de mensajes de texto; esta informaci\u00f3n no se compartir\u00e1 con terceros. <\/p>\n<h2>DIVULGACI\u00d3N DE SU INFORMACI\u00d3N<\/h2>\n<p><a contenteditable=\"false\" href=\"https:\/\/www.losangelesprobateattorneys.com\/es\/\" target=\"_blank\" rel=\"noopener\"><br \/>\n  <b>LosAngelesProbateAttorneys.com<\/b><br \/>\n<\/a> no comparte los datos de sus clientes con terceros para fines de marketing, promoci\u00f3n o cualquier otro prop\u00f3sito. Su informaci\u00f3n personal se mantiene confidencial y no se divulga a ninguna organizaci\u00f3n externa, excepto cuando lo exija la ley o con su consentimiento expl\u00edcito. Podemos divulgar sus datos personales  <\/p>\n<p><strong>Informaci\u00f3n en las siguientes circunstancias limitadas:<\/strong><\/p>\n<ul>\n<li>Hemos obtenido su consentimiento.<\/li>\n<li>Tenemos que hacer cumplir nuestras condiciones de servicio.<\/li>\n<li>Compartimos informaci\u00f3n con socios o afiliados que han firmado acuerdos de confidencialidad con nosotros s\u00f3lo para proporcionarle un servicio espec\u00edfico.<\/li>\n<li>Podemos proporcionar dicha informaci\u00f3n a una empresa controlada por o bajo control com\u00fan con <a contenteditable=\"false\" href=\"https:\/\/www.losangelesprobateattorneys.com\/es\/\" target=\"_blank\" rel=\"noopener\"><br \/>\n  <b>LosAngelesProbateAttorneys.com<\/b><br \/>\n<\/a> para cualquier prop\u00f3sito permitido por esta Pol\u00edtica.<\/li>\n<li>Respondemos a citaciones, \u00f3rdenes judiciales o procesos legales, o para establecer o ejercer nuestros derechos legales, o los derechos legales de otros, o defendernos contra reclamaciones legales.<\/li>\n<li>Cuando creamos que es necesario revelar Informaci\u00f3n Personal para investigar, prevenir o tomar medidas con respecto a actividades ilegales, sospecha de fraude, amenazas potenciales a la seguridad f\u00edsica de alguien, violaciones de <a contenteditable=\"false\" href=\"https:\/\/www.losangelesprobateattorneys.com\/es\/\" target=\"_blank\" rel=\"noopener\"><br \/>\n  <b>LosAngelesProbateAttorneys.com<\/b><br \/>\n<\/a> T\u00e9rminos de Servicio, o seg\u00fan lo requiera la ley.<\/li>\n<li>Transferimos Informaci\u00f3n Personal sobre usted si <a contenteditable=\"false\" href=\"https:\/\/www.losangelesprobateattorneys.com\/es\/\" target=\"_blank\" rel=\"noopener\"><br \/>\n  <b>LosAngelesProbateAttorneys.com<\/b><br \/>\n<\/a> o sus activos son adquiridos o fusionados con otra empresa.<\/li>\n<\/ul>\n<p>Podemos compartir con terceros informaci\u00f3n agregada y no identificable sin previo aviso, como el n\u00famero total de personas que utilizaron el Servicio en un mes concreto o el n\u00famero total de mensajes enviados durante un periodo determinado.<\/p>\n<h2>TRANSFERENCIAS INTERNACIONALES DE DATOS<\/h2>\n<p>Su informaci\u00f3n personal puede ser transferida y procesada en lugares fuera de su estado, provincia, pa\u00eds u otra jurisdicci\u00f3n gubernamental donde las leyes de protecci\u00f3n de datos pueden diferir de las de su jurisdicci\u00f3n. Tomamos medidas para garantizar que sus datos se traten de forma segura y de acuerdo con esta Pol\u00edtica, independientemente del lugar donde se procesen. <\/p>\n<h2>CONSERVACI\u00d3N DE DATOS<\/h2>\n<p>Conservamos su Informaci\u00f3n Personal s\u00f3lo durante el tiempo necesario para cumplir los fines descritos en esta Pol\u00edtica, a menos que la ley exija o permita un per\u00edodo de conservaci\u00f3n m\u00e1s largo. Tambi\u00e9n conservaremos y utilizaremos su Informaci\u00f3n Personal seg\u00fan sea necesario para cumplir con las obligaciones legales, resolver disputas y hacer cumplir nuestros acuerdos de<br \/>. <\/p>\n<h2>COOKIES Y TECNOLOG\u00cdAS DE SEGUIMIENTO<\/h2>\n<p>Nuestro Servicio puede utilizar cookies y tecnolog\u00edas de seguimiento similares para mejorar su experiencia. Las cookies son peque\u00f1os archivos de texto que se colocan en su dispositivo para recopilar informaci\u00f3n sobre su actividad en el Servicio. Usted puede controlar el uso de cookies a trav\u00e9s de la configuraci\u00f3n de su navegador, pero desactivar las cookies puede limitar su capacidad para<br \/>utilizar ciertas funciones de la p\u00e1gina o del Servicio.  <\/p>\n<h2>SUS ELECCIONES:<\/h2>\n<p>Tiene derecho a acceder a sus datos, corregirlos o eliminarlos. Si tiene alguna duda o pregunta sobre sus datos, p\u00f3ngase en contacto con nosotros utilizando nuestra informaci\u00f3n de contacto que figura a continuaci\u00f3n. <\/p>\n<h2>Cambios en la pol\u00edtica:<\/h2>\n<p>Es posible que actualicemos nuestra pol\u00edtica de privacidad de vez en cuando. Cualquier cambio le ser\u00e1 comunicado, y su uso continuado de nuestros servicios implica su aceptaci\u00f3n de la pol\u00edtica actualizada. Al utilizar nuestros servicios, usted acepta los t\u00e9rminos expuestos en esta pol\u00edtica de privacidad.  <\/p>\n<p><i>\u00daltima actualizaci\u00f3n: 06\/06\/2025<\/i><\/p>\n<\/div><div class=\"fusion-text fusion-text-3\"><\/div><div class=\"fusion-text fusion-text-4\"><\/div><div class=\"fusion-text fusion-text-5\"><h2>Contacto<\/h2>\n<p>Para cualquier pregunta con respecto a la <a href=\"https:\/\/www.losangelesprobateattorneys.com\/es\/politica-de-privacidad\/\">Pol\u00edtica de Privacidad<\/a> de este sitio web, <a href=\"https:\/\/www.losangelesprobateattorneys.com\/es\/aviso-legal\/\">Renuncias Legales<\/a>, <a href=\"https:\/\/www.losangelesprobateattorneys.com\/es\/terminos-de-uso\/\">T\u00e9rminos y Condiciones<\/a> u otro contenido publicado, por favor p\u00f3ngase en contacto con Los Angeles Probate Attorneys. <b>Ll\u00e1menos ahora para discutir su situaci\u00f3n \u00fanica&#8230;<\/b> <b><br \/>\n  <a href=\"tel:+1-424-402-1228\">(424) 402-1228<\/a><br \/>\n<\/b><\/p>\n<\/div><\/div><\/div><\/div><\/div><\/p>\n","protected":false},"excerpt":{"rendered":"","protected":false},"author":10,"featured_media":0,"parent":0,"menu_order":0,"comment_status":"closed","ping_status":"open","template":"100-width.php","meta":{"_analytify_skip_tracking":false,"footnotes":""},"class_list":["post-2053","page","type-page","status-publish","hentry"],"_links":{"self":[{"href":"https:\/\/www.losangelesprobateattorneys.com\/es\/wp-json\/wp\/v2\/pages\/2053","targetHints":{"allow":["GET"]}}],"collection":[{"href":"https:\/\/www.losangelesprobateattorneys.com\/es\/wp-json\/wp\/v2\/pages"}],"about":[{"href":"https:\/\/www.losangelesprobateattorneys.com\/es\/wp-json\/wp\/v2\/types\/page"}],"author":[{"embeddable":true,"href":"https:\/\/www.losangelesprobateattorneys.com\/es\/wp-json\/wp\/v2\/users\/10"}],"replies":[{"embeddable":true,"href":"https:\/\/www.losangelesprobateattorneys.com\/es\/wp-json\/wp\/v2\/comments?post=2053"}],"version-history":[{"count":3,"href":"https:\/\/www.losangelesprobateattorneys.com\/es\/wp-json\/wp\/v2\/pages\/2053\/revisions"}],"predecessor-version":[{"id":6307,"href":"https:\/\/www.losangelesprobateattorneys.com\/es\/wp-json\/wp\/v2\/pages\/2053\/revisions\/6307"}],"wp:attachment":[{"href":"https:\/\/www.losangelesprobateattorneys.com\/es\/wp-json\/wp\/v2\/media?parent=2053"}],"curies":[{"name":"wp","href":"https:\/\/api.w.org\/{rel}","templated":true}]}}