{"id":5445,"date":"2024-09-12T15:06:56","date_gmt":"2024-09-12T15:06:56","guid":{"rendered":"https:\/\/www.losangelesprobateattorneys.com\/daniel-r-weiner\/"},"modified":"2026-01-07T02:49:13","modified_gmt":"2026-01-07T02:49:13","slug":"daniel-r-weiner","status":"publish","type":"page","link":"https:\/\/www.losangelesprobateattorneys.com\/es\/nuestros-abogados\/daniel-r-weiner\/","title":{"rendered":"Daniel R. Weiner"},"content":{"rendered":"<div class=\"fusion-fullwidth fullwidth-box fusion-builder-row-1 fusion-flex-container has-pattern-background has-mask-background nonhundred-percent-fullwidth non-hundred-percent-height-scrolling\" style=\"--awb-border-radius-top-left:0px;--awb-border-radius-top-right:0px;--awb-border-radius-bottom-right:0px;--awb-border-radius-bottom-left:0px;--awb-padding-right:0px;--awb-padding-left:0px;--awb-flex-wrap:wrap;\" ><div class=\"fusion-builder-row fusion-row fusion-flex-align-items-center fusion-flex-content-wrap\" style=\"max-width:1996.8px;margin-left: calc(-4% \/ 2 );margin-right: calc(-4% \/ 2 );\"><div class=\"fusion-layout-column fusion_builder_column fusion-builder-column-0 fusion-flex-column\" style=\"--awb-bg-size:cover;--awb-width-large:25%;--awb-margin-top-large:0px;--awb-spacing-right-large:7.68%;--awb-margin-bottom-large:20px;--awb-spacing-left-large:7.68%;--awb-width-medium:100%;--awb-order-medium:0;--awb-spacing-right-medium:1.92%;--awb-spacing-left-medium:1.92%;--awb-width-small:100%;--awb-order-small:0;--awb-spacing-right-small:1.92%;--awb-spacing-left-small:1.92%;\" data-scroll-devices=\"small-visibility,medium-visibility,large-visibility\"><div class=\"fusion-column-wrapper fusion-column-has-shadow fusion-flex-justify-content-flex-start fusion-content-layout-column\"><div class=\"fusion-image-element \" style=\"text-align:left;--awb-mask-url: url(https:\/\/www.losangelesprobateattorneys.com\/wp-content\/plugins\/fusion-builder\/\/assets\/images\/masks\/mask-17.svg);--awb-mask-size: cover;--awb-max-width:300px;--awb-caption-title-font-family:var(--h2_typography-font-family);--awb-caption-title-font-weight:var(--h2_typography-font-weight);--awb-caption-title-font-style:var(--h2_typography-font-style);--awb-caption-title-size:var(--h2_typography-font-size);--awb-caption-title-transform:var(--h2_typography-text-transform);--awb-caption-title-line-height:var(--h2_typography-line-height);--awb-caption-title-letter-spacing:var(--h2_typography-letter-spacing);\"><span class=\" fusion-imageframe imageframe-none imageframe-1 hover-type-none has-mask\"><img decoding=\"async\" width=\"300\" height=\"300\" alt=\"Daniel R Weiner Abogados de sucesiones de Los \u00c1ngeles\" title=\"Safeguarding Your Future Skilled Guidance From Los Angeles Proba\" src=\"https:\/\/www.losangelesprobateattorneys.com\/wp-content\/uploads\/2025\/04\/daniel-r-weiner-los-angeles-probate-attorneys-300x300.jpg\" class=\"img-responsive wp-image-2706\" srcset=\"https:\/\/www.losangelesprobateattorneys.com\/wp-content\/uploads\/2025\/04\/daniel-r-weiner-los-angeles-probate-attorneys-200x200.jpg 200w, https:\/\/www.losangelesprobateattorneys.com\/wp-content\/uploads\/2025\/04\/daniel-r-weiner-los-angeles-probate-attorneys-400x400.jpg 400w, https:\/\/www.losangelesprobateattorneys.com\/wp-content\/uploads\/2025\/04\/daniel-r-weiner-los-angeles-probate-attorneys-600x600.jpg 600w, https:\/\/www.losangelesprobateattorneys.com\/wp-content\/uploads\/2025\/04\/daniel-r-weiner-los-angeles-probate-attorneys-800x800.jpg 800w, https:\/\/www.losangelesprobateattorneys.com\/wp-content\/uploads\/2025\/04\/daniel-r-weiner-los-angeles-probate-attorneys.jpg 1000w\" sizes=\"(max-width: 640px) 100vw, 300px\" \/><\/span><\/div><\/div><\/div><div class=\"fusion-layout-column fusion_builder_column fusion-builder-column-1 fusion-flex-column fusion-flex-align-self-center\" style=\"--awb-bg-size:cover;--awb-width-large:75%;--awb-margin-top-large:0px;--awb-spacing-right-large:2.56%;--awb-margin-bottom-large:20px;--awb-spacing-left-large:2.56%;--awb-width-medium:100%;--awb-order-medium:0;--awb-spacing-right-medium:1.92%;--awb-spacing-left-medium:1.92%;--awb-width-small:100%;--awb-order-small:0;--awb-spacing-right-small:1.92%;--awb-spacing-left-small:1.92%;\" data-scroll-devices=\"small-visibility,medium-visibility,large-visibility\"><div class=\"fusion-column-wrapper fusion-column-has-shadow fusion-flex-justify-content-center fusion-content-layout-column\"><div class=\"fusion-title title fusion-title-1 fusion-sep-none fusion-title-text fusion-title-size-one\" style=\"--awb-text-color:var(--awb-color5);--awb-margin-bottom:0px;--awb-font-size:60px;\"><h1 class=\"fusion-title-heading title-heading-left\" style=\"margin:0;font-size:1em;\">Daniel R. Weiner<\/h1><\/div><div class=\"fusion-title title fusion-title-2 fusion-sep-none fusion-title-text fusion-title-size-two attorney-title\" style=\"--awb-text-color:var(--awb-color3);\"><h2 class=\"fusion-title-heading title-heading-left\" style=\"font-family:&quot;Josefin Sans&quot;;font-style:normal;font-weight:400;margin:0;\">Fundador y Abogado Administrador<\/h2><\/div><\/div><\/div><div class=\"fusion-layout-column fusion_builder_column fusion-builder-column-2 fusion_builder_column_1_1 1_1 fusion-flex-column\" style=\"--awb-bg-size:cover;--awb-width-large:100%;--awb-margin-top-large:0px;--awb-spacing-right-large:1.92%;--awb-margin-bottom-large:20px;--awb-spacing-left-large:1.92%;--awb-width-medium:100%;--awb-order-medium:0;--awb-spacing-right-medium:1.92%;--awb-spacing-left-medium:1.92%;--awb-width-small:100%;--awb-order-small:0;--awb-spacing-right-small:1.92%;--awb-spacing-left-small:1.92%;\"><div class=\"fusion-column-wrapper fusion-column-has-shadow fusion-flex-justify-content-flex-start fusion-content-layout-column\"><div class=\"fusion-text fusion-text-1\"><p><a href=\"https:\/\/www.linkedin.com\/in\/daniel-weiner-82382a16\" target=\"_blank\" rel=\"noopener\">Daniel R. Weiner<\/a> ayuda a personas y familias a gestionar procesos de sucesi\u00f3n, administraci\u00f3n de fideicomisos y planificaci\u00f3n patrimonial, con un enfoque en brindar orientaci\u00f3n clara y apoyar la toma de decisiones pr\u00e1cticas. Atiende a clientes en todo el estado de California y colabora con el equipo de <a href=\"https:\/\/www.losangelesprobateattorneys.com\/es\/\">Los Angeles Probate Attorneys<\/a> para ayudar a las personas a proteger lo que han construido y a planificar de manera adecuada para el futuro.<\/p>\n<p>La formaci\u00f3n jur\u00eddica de Dan incluye un LL.M. de la <a href=\"https:\/\/law.duke.edu\/\" target=\"_blank\" rel=\"noopener\">Facultad de Derecho de la Universidad de Duke<\/a> (promoci\u00f3n 2005), as\u00ed como un t\u00edtulo de abogado otorgado por la Universidad de Birmingham, en el Reino Unido. Est\u00e1 admitido en el Colegio de Abogados del Estado de California, donde su licencia figura con estatus activo.<\/p>\n<p>Antes de fundar su firma, Dan acumul\u00f3 m\u00e1s de una d\u00e9cada de experiencia en firmas internacionales de abogados, entre ellas Orrick, Herrington &amp; Sutcliffe y Freshfields Bruckhaus Deringer, asesorando a una amplia variedad de clientes sofisticados. En la actualidad, su pr\u00e1ctica se centra en la planificaci\u00f3n patrimonial y en las cuestiones que las familias suelen enfrentar antes y despu\u00e9s de una p\u00e9rdida, incluyendo estrategias para reducir la carga del impuesto sucesorio, la planificaci\u00f3n para familiares con necesidades especiales y, cuando corresponde, estrategias de protecci\u00f3n de activos frente a Medi-Cal.<br \/>\nDan tambi\u00e9n figura como miembro de la California Lawyers Association, incluida la secci\u00f3n de Trusts &amp; Estates, lo que refleja un enfoque profesional continuo en esta \u00e1rea del derecho.<\/p>\n<p>Adem\u00e1s de su labor diaria con clientes, Dan ha contribuido a debates jur\u00eddicos m\u00e1s amplios. Orrick ha publicado un an\u00e1lisis en el que se destaca su autor\u00eda de un art\u00edculo para International Financial Law Review sobre cuestiones regulatorias planteadas por las transacciones con criptomonedas. Asimismo, participa en actividades educativas dirigidas a la comunidad, incluyendo su participaci\u00f3n en un panel de acceso p\u00fablico vinculado a un programa de bienestar financiero que abord\u00f3 temas de planificaci\u00f3n patrimonial. En San Diego, tambi\u00e9n aparece en un perfil comunitario a trav\u00e9s de San Diego Rotary.<\/p>\n<p>Con frecuencia, los clientes llegan a los asuntos de sucesi\u00f3n y fideicomisos con una combinaci\u00f3n de inquietudes legales y familiares. El enfoque de Dan consiste en aportar estructura al proceso, explicar las opciones con un lenguaje claro y ayudar a los clientes a tomar decisiones informadas en cada etapa. A trav\u00e9s de Los Angeles Probate Attorneys, apoya a familias en toda California con servicios de planificaci\u00f3n y administraci\u00f3n basados en una preparaci\u00f3n cuidadosa y una comunicaci\u00f3n constante.<\/p>\n<\/div><\/div><\/div><\/div><\/div>\n","protected":false},"excerpt":{"rendered":"","protected":false},"author":10,"featured_media":0,"parent":6313,"menu_order":0,"comment_status":"closed","ping_status":"closed","template":"100-width.php","meta":{"_analytify_skip_tracking":false,"footnotes":""},"class_list":["post-5445","page","type-page","status-publish","hentry"],"_links":{"self":[{"href":"https:\/\/www.losangelesprobateattorneys.com\/es\/wp-json\/wp\/v2\/pages\/5445","targetHints":{"allow":["GET"]}}],"collection":[{"href":"https:\/\/www.losangelesprobateattorneys.com\/es\/wp-json\/wp\/v2\/pages"}],"about":[{"href":"https:\/\/www.losangelesprobateattorneys.com\/es\/wp-json\/wp\/v2\/types\/page"}],"author":[{"embeddable":true,"href":"https:\/\/www.losangelesprobateattorneys.com\/es\/wp-json\/wp\/v2\/users\/10"}],"replies":[{"embeddable":true,"href":"https:\/\/www.losangelesprobateattorneys.com\/es\/wp-json\/wp\/v2\/comments?post=5445"}],"version-history":[{"count":4,"href":"https:\/\/www.losangelesprobateattorneys.com\/es\/wp-json\/wp\/v2\/pages\/5445\/revisions"}],"predecessor-version":[{"id":6633,"href":"https:\/\/www.losangelesprobateattorneys.com\/es\/wp-json\/wp\/v2\/pages\/5445\/revisions\/6633"}],"up":[{"embeddable":true,"href":"https:\/\/www.losangelesprobateattorneys.com\/es\/wp-json\/wp\/v2\/pages\/6313"}],"wp:attachment":[{"href":"https:\/\/www.losangelesprobateattorneys.com\/es\/wp-json\/wp\/v2\/media?parent=5445"}],"curies":[{"name":"wp","href":"https:\/\/api.w.org\/{rel}","templated":true}]}}